{"id":77,"date":"2025-08-26T23:56:54","date_gmt":"2025-08-26T23:56:54","guid":{"rendered":"https:\/\/adaetkinlik.com.tr\/?page_id=77"},"modified":"2025-08-27T00:06:17","modified_gmt":"2025-08-27T00:06:17","slug":"iletisim","status":"publish","type":"page","link":"https:\/\/adaetkinlik.com.tr\/?page_id=77","title":{"rendered":"\u0130leti\u015fim"},"content":{"rendered":"\n<style>\n  :root { --brand: #6fb21c; --accent:#f26522; } \/* tema ye\u015fili & turuncu d\u00fc\u011fme *\/\n  .ada-contact-wrap{display:grid;grid-template-columns:1.2fr 1fr;gap:24px;align-items:start}\n  @media(max-width:900px){.ada-contact-wrap{grid-template-columns:1fr}}\n  .ada-card{background:#fff;border-radius:14px;padding:22px;box-shadow:0 8px 24px rgba(0,0,0,.06);border:1px solid #eef1f4}\n  .ada-contact-form h2,.ada-contact-info h2{margin:0 0 12px;font-size:22px}\n  .ada-field{margin:10px 0}\n  .ada-input, .ada-textarea{width:100%;padding:12px 14px;border:1px solid #dfe3e8;border-radius:10px;font-size:15px;outline:none}\n  .ada-input:focus,.ada-textarea:focus{border-color:var(--brand);box-shadow:0 0 0 3px rgba(111,178,28,.15)}\n  .ada-textarea{min-height:140px;resize:vertical}\n  .ada-btn{display:inline-block;background:var(--accent);color:#fff;border:none;border-radius:999px;padding:12px 22px;font-weight:600;cursor:pointer}\n  .ada-list{list-style:none;padding:0;margin:10px 0 0}\n  .ada-list li{margin:8px 0;font-size:15px}\n  .ada-kv{font-weight:600;color:#333}\n  .ada-map{margin-top:14px;border-radius:12px;overflow:hidden;border:1px solid #e6eaee}\n  .ada-map iframe{width:100%;height:300px;border:0}\n<\/style>\n\n<div class=\"ada-contact-wrap\">\n  <!-- SOL: FORM -->\n  <div class=\"ada-card ada-contact-form\">\n    <h2>\u0130leti\u015fim Formu<\/h2>\n    <form action=\"https:\/\/formsubmit.co\/info@adaetkinlik.com.tr\" method=\"POST\">\n      <!-- FormSubmit ayarlar\u0131 -->\n      <input type=\"hidden\" name=\"_captcha\" value=\"false\">\n      <input type=\"hidden\" name=\"_subject\" value=\"Ada Etkinlik - Web Sitesinden Yeni Mesaj\">\n      <!-- <input type=\"hidden\" name=\"_next\" value=\"https:\/\/adaetkinlik.com.tr\/tesekkurler\"> -->\n\n      <div class=\"ada-field\">\n        <label>Ad Soyad<\/label>\n        <input class=\"ada-input\" type=\"text\" name=\"Ad Soyad\" required>\n      <\/div>\n      <div class=\"ada-field\">\n        <label>E-posta<\/label>\n        <input class=\"ada-input\" type=\"email\" name=\"E-posta\" required>\n      <\/div>\n      <div class=\"ada-field\">\n        <label>Telefon<\/label>\n        <input class=\"ada-input\" type=\"tel\" name=\"Telefon\">\n      <\/div>\n      <div class=\"ada-field\">\n        <label>Konu<\/label>\n        <input class=\"ada-input\" type=\"text\" name=\"Konu\">\n      <\/div>\n      <div class=\"ada-field\">\n        <label>Mesaj\u0131n\u0131z<\/label>\n        <textarea class=\"ada-textarea\" name=\"Mesaj\" required><\/textarea>\n      <\/div>\n      <button class=\"ada-btn\" type=\"submit\">G\u00f6nder<\/button>\n    <\/form>\n  <\/div>\n\n  <!-- SA\u011e: B\u0130LG\u0130 + HAR\u0130TA -->\n  <div class=\"ada-card ada-contact-info\">\n    <h2>\u0130leti\u015fim Bilgileri<\/h2>\n    <ul class=\"ada-list\">\n      <li><span class=\"ada-kv\">Telefon:<\/span> 0544 977 08 43<\/li>\n      <li><span class=\"ada-kv\">E-posta:<\/span> info@adaetkinlik.com.tr, ik@adaetkinlik.com.tr<\/li>\n      <li><span class=\"ada-kv\">Adres:<\/span> Acarlar Mahallesi, Acarkent Sitesi 9. Cadde\n        1\/30 Coliseum 5. Kat, Beykoz \/ \u0130stanbul<\/li>\n      <li><span class=\"ada-kv\">Adres Kodu:<\/span> 3354118386<\/li>\n      <li><span class=\"ada-kv\">\u00c7al\u0131\u015fma Saatleri:<\/span> 08:00 \u2013 18:00<\/li>\n    <\/ul>\n\n    <div class=\"ada-map\">\n      <iframe\n        src=\"https:\/\/www.google.com\/maps?q=Acarlar%20Mahallesi%20Acarkent%20Sitesi%209.%20Cadde%201\/30%20Coliseum%205.%20Kat%20Beykoz%20%C4%B0stanbul&#038;output=embed\"\n        loading=\"lazy\" referrerpolicy=\"no-referrer-when-downgrade\"><\/iframe>\n    <\/div>\n  <\/div>\n<\/div>\n","protected":false},"excerpt":{"rendered":"<p>\u0130leti\u015fim Formu Ad Soyad E-posta Telefon Konu Mesaj\u0131n\u0131z G\u00f6nder \u0130leti\u015fim Bilgileri Telefon: 0544 977 08 43 E-posta: info@adaetkinlik.com.tr, ik@adaetkinlik.com.tr Adres: Acarlar Mahallesi, Acarkent Sitesi 9. Cadde 1\/30 Coliseum 5. Kat, Beykoz \/ \u0130stanbul Adres Kodu: 3354118386 \u00c7al\u0131\u015fma Saatleri: 08:00 \u2013 18:00<\/p>\n","protected":false},"author":1,"featured_media":0,"parent":0,"menu_order":0,"comment_status":"closed","ping_status":"closed","template":"","meta":{"footnotes":""},"class_list":["post-77","page","type-page","status-publish","hentry"],"_links":{"self":[{"href":"https:\/\/adaetkinlik.com.tr\/index.php?rest_route=\/wp\/v2\/pages\/77","targetHints":{"allow":["GET"]}}],"collection":[{"href":"https:\/\/adaetkinlik.com.tr\/index.php?rest_route=\/wp\/v2\/pages"}],"about":[{"href":"https:\/\/adaetkinlik.com.tr\/index.php?rest_route=\/wp\/v2\/types\/page"}],"author":[{"embeddable":true,"href":"https:\/\/adaetkinlik.com.tr\/index.php?rest_route=\/wp\/v2\/users\/1"}],"replies":[{"embeddable":true,"href":"https:\/\/adaetkinlik.com.tr\/index.php?rest_route=%2Fwp%2Fv2%2Fcomments&post=77"}],"version-history":[{"count":2,"href":"https:\/\/adaetkinlik.com.tr\/index.php?rest_route=\/wp\/v2\/pages\/77\/revisions"}],"predecessor-version":[{"id":89,"href":"https:\/\/adaetkinlik.com.tr\/index.php?rest_route=\/wp\/v2\/pages\/77\/revisions\/89"}],"wp:attachment":[{"href":"https:\/\/adaetkinlik.com.tr\/index.php?rest_route=%2Fwp%2Fv2%2Fmedia&parent=77"}],"curies":[{"name":"wp","href":"https:\/\/api.w.org\/{rel}","templated":true}]}}