{"id":62,"date":"2025-08-26T23:49:42","date_gmt":"2025-08-26T23:49:42","guid":{"rendered":"https:\/\/adaetkinlik.com.tr\/?page_id=62"},"modified":"2025-11-01T12:46:13","modified_gmt":"2025-11-01T12:46:13","slug":"kurumsal","status":"publish","type":"page","link":"https:\/\/adaetkinlik.com.tr\/?page_id=62","title":{"rendered":"Kurumsal"},"content":{"rendered":"\n<figure class=\"wp-block-image size-large\"><img loading=\"lazy\" decoding=\"async\" width=\"1024\" height=\"445\" src=\"https:\/\/adaetkinlik.com.tr\/wp-content\/uploads\/2025\/11\/image-1024x445.png\" alt=\"\" class=\"wp-image-420\" srcset=\"https:\/\/adaetkinlik.com.tr\/wp-content\/uploads\/2025\/11\/image-1024x445.png 1024w, https:\/\/adaetkinlik.com.tr\/wp-content\/uploads\/2025\/11\/image-300x130.png 300w, https:\/\/adaetkinlik.com.tr\/wp-content\/uploads\/2025\/11\/image-768x334.png 768w, https:\/\/adaetkinlik.com.tr\/wp-content\/uploads\/2025\/11\/image-1536x668.png 1536w, https:\/\/adaetkinlik.com.tr\/wp-content\/uploads\/2025\/11\/image.png 1989w\" sizes=\"auto, (max-width: 1024px) 100vw, 1024px\" \/><\/figure>\n\n\n\n<p>2007 y\u0131l\u0131 a\u015fk\u0131n s\u00fcredir, farkl\u0131 sekt\u00f6rlerde y\u00fczlerce operasyonel m\u00fckemmellik projesine imza att\u0131k. Ekibimiz, strateji, s\u00fcre\u00e7 y\u00f6netimi ve performans iyile\u015ftirme konular\u0131nda sekt\u00f6r\u00fcn en yetkin profesyonellerinden olu\u015fuyor. Her proje, titizlikle planlan\u0131r ve \u00f6l\u00e7\u00fclebilir sonu\u00e7larla tamamlan\u0131r. De\u011ferler ve Yakla\u015f\u0131m<\/p>\n\n\n\n<p>Veri Odakl\u0131l\u0131k: Her \u00e7\u00f6z\u00fcm, \u00f6l\u00e7\u00fclebilir sonu\u00e7lar ve somut verilerle desteklenir.<\/p>\n\n\n\n<p>\u015eeffafl\u0131k: S\u00fcre\u00e7lerimiz her ad\u0131mda sizinle payla\u015f\u0131l\u0131yor; s\u00fcrpriz yok, g\u00fcven var.<\/p>\n\n\n\n<p>S\u00fcrd\u00fcr\u00fclebilirlik: Bug\u00fcn\u00fcn \u00e7\u00f6z\u00fcm\u00fc, yar\u0131n\u0131n ba\u015far\u0131s\u0131 olacak \u015fekilde tasarlan\u0131r.<\/p>\n\n\n\n<p>\u0130novasyon: Operasyonel verimlili\u011fi art\u0131racak en yeni strateji ve teknolojileri kullan\u0131yoruz.<br>G\u00fcven ve Referanslar<\/p>\n\n\n\n<p>Global ve yerel firmalarla y\u00fcr\u00fctt\u00fc\u011f\u00fcm\u00fcz projelerle operasyonel s\u00fcre\u00e7leri d\u00f6n\u00fc\u015ft\u00fcrd\u00fck, verimlili\u011fi art\u0131rd\u0131k ve maliyetleri d\u00fc\u015f\u00fcrd\u00fck. Ba\u015far\u0131lar\u0131m\u0131z\u0131n arkas\u0131nda somut sonu\u00e7lar ve memnun m\u00fc\u015fterilerimiz var. Referanslar\u0131m\u0131z, i\u015fimizin kalitesinin en g\u00fc\u00e7l\u00fc kan\u0131t\u0131d\u0131r<br>Tecr\u00fcbe ve Uzmanl\u0131k<\/p>\n\n\n\n<p>10 y\u0131l\u0131 a\u015fk\u0131n s\u00fcredir, farkl\u0131 sekt\u00f6rlerde y\u00fczlerce operasyonel m\u00fckemmellik projesine imza att\u0131k. Ekibimiz, strateji, s\u00fcre\u00e7 y\u00f6netimi ve performans iyile\u015ftirme konu<\/p>\n\n\n\n<p><em>Hakk\u0131m\u0131zda Vizyon ve Misyon<\/em><\/p>\n\n\n\n<p>Kurumsal operasyonlarda m\u00fckemmelli\u011fi standart h\u00e2line getirmek ve firmalar\u0131n b\u00fcy\u00fcmesini katlamak.<br>*Misyonumuz: \u0130\u015f s\u00fcre\u00e7lerinizi sadece y\u00f6netmiyoruz; onlar\u0131 daha h\u0131zl\u0131, daha verimli ve hatas\u0131z h\u00e2le getiriyoruz. Riskleri minimuma indiriyor, stratejik kararlar\u0131n\u0131z\u0131 g\u00fc\u00e7l\u00fc verilerle destekliyoruz. Biz, dan\u0131\u015fman de\u011fil, operasyonel m\u00fckemmelli\u011finizi garantileyen orta\u011f\u0131n\u0131z\u0131z.<\/p>\n\n\n\n<p>Vizyonumuz: Kurumsal operasyonlarda m\u00fckemmelli\u011fi standart h\u00e2line getirmek ve firmalar\u0131n b\u00fcy\u00fcmesini katlamak.<br>Misyonumuz: \u0130\u015f s\u00fcre\u00e7lerinizi sadece y\u00f6netmiyoruz; onlar\u0131 daha h\u0131zl\u0131, daha verimli ve hatas\u0131z h\u00e2le getiriyoruz. Riskleri minimuma indiriyor, stratejik kararlar\u0131n\u0131z\u0131 g\u00fc\u00e7l\u00fc verilerle destekliyoruz. Biz, dan\u0131\u015fman de\u011fil, operasyonel m\u00fckemmelli\u011finizi garantileyen orta\u011f\u0131n\u0131z\u0131z.<\/p>\n","protected":false},"excerpt":{"rendered":"<p>2007 y\u0131l\u0131 a\u015fk\u0131n s\u00fcredir, farkl\u0131 sekt\u00f6rlerde y\u00fczlerce operasyonel m\u00fckemmellik projesine imza att\u0131k. Ekibimiz, strateji, s\u00fcre\u00e7 y\u00f6netimi ve performans iyile\u015ftirme konular\u0131nda sekt\u00f6r\u00fcn en yetkin profesyonellerinden olu\u015fuyor. Her proje, titizlikle planlan\u0131r ve \u00f6l\u00e7\u00fclebilir sonu\u00e7larla tamamlan\u0131r. De\u011ferler ve Yakla\u015f\u0131m Veri Odakl\u0131l\u0131k: Her \u00e7\u00f6z\u00fcm, \u00f6l\u00e7\u00fclebilir sonu\u00e7lar ve somut verilerle desteklenir. \u015eeffafl\u0131k: S\u00fcre\u00e7lerimiz her ad\u0131mda sizinle payla\u015f\u0131l\u0131yor; s\u00fcrpriz yok, g\u00fcven [&hellip;]<\/p>\n","protected":false},"author":1,"featured_media":0,"parent":0,"menu_order":0,"comment_status":"closed","ping_status":"closed","template":"","meta":{"footnotes":""},"class_list":["post-62","page","type-page","status-publish","hentry"],"_links":{"self":[{"href":"https:\/\/adaetkinlik.com.tr\/index.php?rest_route=\/wp\/v2\/pages\/62","targetHints":{"allow":["GET"]}}],"collection":[{"href":"https:\/\/adaetkinlik.com.tr\/index.php?rest_route=\/wp\/v2\/pages"}],"about":[{"href":"https:\/\/adaetkinlik.com.tr\/index.php?rest_route=\/wp\/v2\/types\/page"}],"author":[{"embeddable":true,"href":"https:\/\/adaetkinlik.com.tr\/index.php?rest_route=\/wp\/v2\/users\/1"}],"replies":[{"embeddable":true,"href":"https:\/\/adaetkinlik.com.tr\/index.php?rest_route=%2Fwp%2Fv2%2Fcomments&post=62"}],"version-history":[{"count":3,"href":"https:\/\/adaetkinlik.com.tr\/index.php?rest_route=\/wp\/v2\/pages\/62\/revisions"}],"predecessor-version":[{"id":422,"href":"https:\/\/adaetkinlik.com.tr\/index.php?rest_route=\/wp\/v2\/pages\/62\/revisions\/422"}],"wp:attachment":[{"href":"https:\/\/adaetkinlik.com.tr\/index.php?rest_route=%2Fwp%2Fv2%2Fmedia&parent=62"}],"curies":[{"name":"wp","href":"https:\/\/api.w.org\/{rel}","templated":true}]}}